{"id":20766,"date":"2020-10-27T11:29:31","date_gmt":"2020-10-27T11:29:31","guid":{"rendered":"https:\/\/algaslapatrona.com\/privacy-policy\/"},"modified":"2021-01-20T17:45:15","modified_gmt":"2021-01-20T17:45:15","slug":"privacy-policy","status":"publish","type":"page","link":"https:\/\/algaslapatrona.com\/en\/privacy-policy\/","title":{"rendered":"Privacy Policy"},"content":{"rendered":"<p><div class=\"fusion-fullwidth fullwidth-box fusion-builder-row-1 fusion-flex-container fusion-parallax-none hundred-percent-fullwidth non-hundred-percent-height-scrolling\" style=\"background-color: #ffffff;background-image: url(&quot;https:\/\/algaslapatrona.com\/wp-content\/uploads\/2018\/08\/algaslapatronalechugademar2.jpg&quot;);background-position: center center;background-repeat: no-repeat;border-width: 0 0 0 0;border-color:#eae9e9;border-style:solid;-webkit-background-size:cover;-moz-background-size:cover;-o-background-size:cover;background-size:cover;\" ><div class=\"fusion-builder-row fusion-row fusion-flex-align-items-flex-start\" style=\"width:104% !important;max-width:104% !important;margin-left: calc(-4% \/ 2 );margin-right: calc(-4% \/ 2 );\"><div class=\"fusion-layout-column fusion_builder_column fusion-builder-column-0 fusion_builder_column_1_1 1_1 fusion-flex-column\"><div class=\"fusion-column-wrapper fusion-flex-justify-content-flex-start fusion-content-layout-column\" style=\"background-position:left top;background-repeat:no-repeat;-webkit-background-size:cover;-moz-background-size:cover;-o-background-size:cover;background-size:cover;padding: 0px 0px 0px 0px;\"><style type=\"text\/css\">@media only screen and (max-width:1024px) {.fusion-title.fusion-title-1{margin-top:0px!important; margin-right:0px!important;margin-bottom:0px!important;margin-left:0px!important;}}@media only screen and (max-width:640px) {.fusion-title.fusion-title-1{margin-top:0px!important; margin-right:0px!important;margin-bottom:20px!important; margin-left:0px!important;}}<\/style><div class=\"fusion-title title fusion-title-1 fusion-sep-none fusion-title-center fusion-title-text fusion-title-size-one\" style=\"margin-top:0px;margin-right:0px;margin-bottom:0px;margin-left:0px;\"><h1 class=\"title-heading-center fusion-responsive-typography-calculated\" style=\"margin:0;--fontSize:50;line-height:1.2;\"><h1 style=\"color: #fff;\">PRIVACY POLICY<\/h1><\/h1><\/div><\/div><style type=\"text\/css\">.fusion-body .fusion-builder-column-0{width:100% !important;margin-top : 0px;margin-bottom : 15px;}.fusion-builder-column-0 > .fusion-column-wrapper {padding-top : 0px !important;padding-right : 0px !important;margin-right : 1.92%;padding-bottom : 0px !important;padding-left : 0px !important;margin-left : 1.92%;}@media only screen and (max-width:1024px) {.fusion-body .fusion-builder-column-0{width:100% !important;order : 0;}.fusion-builder-column-0 > .fusion-column-wrapper {margin-right : 1.92%;margin-left : 1.92%;}}@media only screen and (max-width:640px) {.fusion-body .fusion-builder-column-0{width:100% !important;order : 0;}.fusion-builder-column-0 > .fusion-column-wrapper {margin-right : 1.92%;margin-left : 1.92%;}}<\/style><\/div><\/div><style type=\"text\/css\">.fusion-body .fusion-flex-container.fusion-builder-row-1{ padding-top : 30px;margin-top : -10px;padding-right : 0px;padding-bottom : 30px;margin-bottom : 0;padding-left : 0px;}<\/style><\/div><div class=\"fusion-fullwidth fullwidth-box fusion-builder-row-2 nonhundred-percent-fullwidth non-hundred-percent-height-scrolling\" style=\"background-color: #ffffff;background-position: center center;background-repeat: no-repeat;padding-top:0px;padding-right:0px;padding-bottom:0px;padding-left:0px;margin-bottom: 0px;margin-top: 0px;border-width: 0px 0px 0px 0px;border-color:#eae9e9;border-style:solid;\" ><div class=\"fusion-builder-row fusion-row\"><div class=\"fusion-layout-column fusion_builder_column fusion-builder-column-1 fusion_builder_column_1_1 1_1 fusion-one-full fusion-column-first fusion-column-last .txt-justify\" style=\"margin-top:0px;margin-bottom:0px;\"><div class=\"fusion-column-wrapper fusion-flex-column-wrapper-legacy\" style=\"background-position:left top;background-repeat:no-repeat;-webkit-background-size:cover;-moz-background-size:cover;-o-background-size:cover;background-size:cover;padding: 0px 0px 0px 0px;\"><div class=\"fusion-text fusion-text-1\"><h3 style=\"margin-top: 30px;\">POL\u00cdTICA DE PRIVACIDAD<\/h3>\n<p style=\"font-weight: 400; text-align: justify;\">Desde Kombu del Cantabrico S.L., entendemos que es esencial mantener una relaci\u00f3n transparente contigo, por ello, a continuaci\u00f3n, te presentamos nuestra Pol\u00edtica de Privacidad, para que en todo momento est\u00e9s debidamente informado acerca de c\u00f3mo recopilamos y tratamos de forma segura cualquier dato que nos facilites.<\/p>\n<p style=\"font-weight: 400; text-align: justify;\">Tus datos ser\u00e1n tratados de conformidad con la legislaci\u00f3n vigente y, en concreto, de acuerdo a lo establecido en el Reglamento (UE) 2016\/679 de 27 de abril de 2016 (RGPD) relativo a la protecci\u00f3n de las personas f\u00edsicas en lo que respecta al tratamiento de datos personales y a la libre circulaci\u00f3n de estos datos.<\/p>\n<p style=\"font-weight: 400; text-align: justify;\">Una lectura detenida de nuestra Pol\u00edtica de Privacidad te aportar\u00e1 la informaci\u00f3n que necesitas para conocer qu\u00e9 destino les daremos a los datos que nos proporciones.\u00a0<\/p>\n<h3>\u00bfQUI\u00c9N ES EL RESPONSABLE DEL TRATAMIENTO DE TUS DATOS?<\/h3>\n<p style=\"font-weight: 400; text-align: justify;\">Si t\u00fa, o una persona autorizada, nos has facilitado tus datos, Kombu del Cantabrico S.L., con CIF: B74436874 somos el responsable del tratamiento de los mismos. Estos datos ser\u00e1n tratados de conformidad con lo dispuesto en las normativas vigentes sobre protecci\u00f3n de datos personales, o Reglamento (UE) 2016\/679 del 27 de abril de 2016 (GDPR) relativo\u00a0 a la protecci\u00f3n de las personas f\u00edsicas en lo que respecta al tratamiento de datos personales y a la libre circulaci\u00f3n de estos datos.<\/p>\n<p style=\"font-weight: 400; text-align: justify;\">Es posible que existan otros responsables en los tratamientos que realizamos, en ese caso siempre informaremos de quien es el\/la responsable del tratamiento de los mismos, as\u00ed como de sus\u00a0 datos de identificaci\u00f3n.<\/p>\n<p style=\"font-weight: 400; text-align: justify;\">Kombu del Cantabrico S.L., nos comprometemos al cumplimiento de la obligaci\u00f3n de secreto de los datos de car\u00e1cter personal y de su deber de guardarlos. Para eso adoptamos las medidas necesarias para evitar a su alteraci\u00f3n, p\u00e9rdida, tratamiento o acceso no autorizado de acuerdo con establecido en el Reglamento.<\/p>\n<h3>\u00bfD\u00d3NDE INFORMAMOS?<\/h3>\n<p style=\"font-weight: 400; text-align: justify;\">Kombu del Cantabrico S.L., a trav\u00e9s de la p\u00e1gina web https:\/\/algaslapatrona.com\/ en el apartado correspondiente a la <\/p>\n<p><i><span style=\"font-weight: 400;\">pol\u00edtica de privacidad<\/span><\/i><\/p>\n<p style=\"font-weight: 400;\">\u00a0y en <em>pol\u00edtica de cookies<\/em>.<\/p>\n<h3>\u00bfQU\u00c9 DATOS PERSONALES TRATAMOS?<\/h3>\n<p><span style=\"font-weight: 400;\">Los datos personales que tratamos son:<\/span><\/p>\n<ul>\n<li style=\"font-weight: 400;\"><span style=\"font-weight: 400;\">Aquellos que t\u00fa decidas facilitarnos voluntariamente<\/span><\/li>\n<li style=\"font-weight: 400;\"><span style=\"font-weight: 400;\">Los datos derivados de las comunicaciones que mantengas con nosotros.<\/span><\/li>\n<li style=\"font-weight: 400;\"><span style=\"font-weight: 400;\">La informaci\u00f3n correspondiente a tu propia navegaci\u00f3n en el caso de Servicios Online, (direcci\u00f3n IP o informaci\u00f3n derivada de cookies o dispositivos similares (puedes ver nuestra Pol\u00edtica de Cookies en la web).<\/span><\/li>\n<li style=\"font-weight: 400;\"><span style=\"font-weight: 400;\">Aquella informaci\u00f3n que se encuentre disponible en fuentes accesibles al p\u00fablico, a la que leg\u00edtimamente podamos acceder.<\/span><\/li>\n<li style=\"font-weight: 400;\"><span style=\"font-weight: 400;\">Los datos que se deriven de la relaci\u00f3n contractual o precontractual que mantengas con nosotros, incluida tu imagen, inform\u00e1ndote siempre en este caso de la posibilidad de captar tu imagen.<\/span><\/li>\n<li style=\"font-weight: 400;\"><span style=\"font-weight: 400;\">Los que terceras personas nos proporcionen sobre ti, existiendo una base leg\u00edtima para ello o habiendo obtenido tu consentimiento para ello.<\/span><\/li>\n<li style=\"font-weight: 400;\"><span style=\"font-weight: 400;\">Los datos de terceros que t\u00fa nos facilites, previo el consentimiento del tercero en cuesti\u00f3n.<\/span><\/li>\n<\/ul>\n<h3>\u00bfC\u00d3MO TRATAMOS LOS DATOS?<\/h3>\n<p style=\"font-weight: 400; text-align: justify;\">En Kombu del Cantabrico S.L., tratamos tus datos personales siempre en estricto cumplimiento de la legislaci\u00f3n vigente. Adem\u00e1s, te informamos de que contamos con las medidas t\u00e9cnicas y organizativas adecuadas para garantizar un nivel \u00f3ptimo de seguridad, garantizando con ello que solo acceder\u00e1n aquellas personas que tengan autorizaci\u00f3n, que los mantendremos \u00edntegros, evitando cualquier p\u00e9rdida intencionada o accidental y que hemos reforzado los sistemas y servicios de tratamiento de datos.<\/p>\n<p style=\"font-weight: 400; text-align: justify;\">Las operaciones, gestiones y procedimientos t\u00e9cnicos que realizamos de forma automatizada o no automatizada y que posibiliten la recogida, almacenamiento, modificaci\u00f3n, transferencia y otras acciones sobre datos de car\u00e1cter personal, tienen la consideraci\u00f3n de tratamiento de datos personales.<\/p>\n<h3>\u00bfCU\u00c1L ES LA LEGITIMACI\u00d3N DEL TRATAMIENTO?<\/h3>\n<p style=\"font-weight: 400; text-align: justify;\">La base de la legitimaci\u00f3n del tratamiento de Datos Personales ser\u00e1 la que resulte de la relaci\u00f3n contractual o precontractual, la laboral o cualquier otra que se requiera para el tratamiento de datos, tales como el consentimiento expreso.<\/p>\n<h3>\u00bfC\u00d3MO GESTIONAMOS LAS COMUNICACIONES ELECTR\u00d3NICAS?<\/h3>\n<p style=\"font-weight: 400; text-align: justify;\">En el caso de recibir comunicaciones por estos medios (correos electr\u00f3nicos, mensajes de respuesta automatizada de formularios, y otros sistemas de comunicaci\u00f3n) te informamos que los mensajes se dirigen exclusivamente a su destinatario y puede contener informaci\u00f3n privilegiada o confidencial. Si no eres el destinatario indicado, queda notificado de que la utilizaci\u00f3n, divulgaci\u00f3n y\/o copia sin autorizaci\u00f3n est\u00e1 prohibida en virtud de la legislaci\u00f3n vigente.<\/p>\n<p style=\"font-weight: 400; text-align: justify;\">De conformidad con lo establecido en la Ley 34\/2002 de 11 de julio, de Servicios de la Sociedad de la Informaci\u00f3n y del Comercio Electr\u00f3nico, y la Directiva 2002\/58\/CE te comunicamos que en el supuesto de que no desees recibir comunicaciones e informaciones de \u00edndole comercial mediante este sistema de comunicaci\u00f3n electr\u00f3nica, nos lo indiques por esta misma v\u00eda indicando en el asunto <\/p>\n<p style=\"font-weight: 400; text-align: justify;\">&#8220;BAJA COMUNICACIONES COMERCIALES&#8221;<\/p>\n<p style=\"font-weight: 400;\"> para que tus datos personales sean dados de baja de nuestra base de datos. Tu solicitud ser\u00e1 accionada en un plazo de 10 d\u00edas desde su env\u00edo. En el supuesto de que no recibamos contestaci\u00f3n expresa por tu parte, entenderemos que aceptas y autorizas que nuestra entidad siga realizando las referidas comunicaciones.<\/p>\n<h3>\u00bfCU\u00c1NTO TIEMPO CONSERVAMOS TUS DATOS?<\/h3>\n<p style=\"font-weight: 400; text-align: justify;\">Los datos personales relativos a personas f\u00edsicas que Kombu del Cantabrico S.L., recopilamos por cualquier medio, se conservar\u00e1n mientras el interesado no solicite su supresi\u00f3n. Asimismo, se conservar\u00e1n mientras se mantenga la relaci\u00f3n que origin\u00f3 el tratamiento de los datos, respetando en cualquier caso los plazos legales de conservaci\u00f3n. Concluido este per\u00edodo, los datos personales ser\u00e1n eliminados de todos los sistemas de Kombu del Cantabrico S.L..<\/p>\n<h3>\u00bfTUS DATOS SER\u00c1N COMUNICADOS A TERCEROS?<\/h3>\n<p style=\"font-weight: 400; text-align: justify;\">No habr\u00e1 cesi\u00f3n, transmisi\u00f3n o transferencia de datos personales, salvo las ya informadas, que no sea por una obligaci\u00f3n legal. Si por requerimiento de la Administraci\u00f3n P\u00fablica o las Instituciones Auton\u00f3micas en el \u00e1mbito de las funciones que la ley les atribuya expresamente, se nos solicitan tus datos, estos ser\u00e1n transmitidos.<\/p>\n<p style=\"font-weight: 400; text-align: justify;\">De existir una cesi\u00f3n, transmisi\u00f3n o transferencia de datos personales fuera de los casos anteriormente previstos, ser\u00e1s previamente informado para que nos prestes tu consentimiento si procede.<\/p>\n<p style=\"font-weight: 400; text-align: justify;\">Pero para poder organizarnos correctamente, tener buenas operativas y procedimientos que garanticen una buena gesti\u00f3n Kombu del Cantabrico S.L. puede ser necesario el tener que contratar los servicios de asesores, profesionales, u otras empresas de servicios para tratar datos bajo nuestras indicaciones.<\/p>\n<p style=\"font-weight: 400; text-align: justify;\">Este tratamiento por cuenta de terceros est\u00e1 regulada en un contrato que consta por escrito o alguna otra forma que permita acreditar su celebraci\u00f3n y contenido, especificando expresamente que el encargado del tratamiento tratar\u00e1 los datos conforme a nuestras instrucciones, y no los aplicar\u00e1 o usar\u00e1 con fin distinto al que figure en dicho contrato, ni los comunicar\u00e1, ni siquiera para su conservaci\u00f3n, a otras personas.<\/p>\n<h3>\u00bfCU\u00c1LES SON TUS DERECHOS?<\/h3>\n<p style=\"font-weight: 400;\">La normativa de protecci\u00f3n de datos le confiere los siguientes derechos:<\/p>\n<p>&nbsp;<\/p>\n<ul>\n<li><b>Derecho a revocar<span style=\"font-weight: 400;\"> cualquier consentimiento prestado previamente.\u00a0<\/span><\/b><\/li>\n<\/ul>\n<ul>\n<li><strong>Derecho de acceso<\/strong><span style=\"font-weight: 400;\"><strong>:<\/strong> Conocer qu\u00e9 tipo de datos se est\u00e1n tratando y las caracter\u00edsticas del tratamiento que se lleva a cabo.\u00a0<\/span><\/li>\n<\/ul>\n<ul>\n<li><strong>Derecho de rectificaci\u00f3n<\/strong><span style=\"font-weight: 400;\"><strong>:<\/strong> Poder solicitar la modificaci\u00f3n de los datos que sean inexactos o no veraces\u00a0<\/span><\/li>\n<\/ul>\n<ul>\n<li><strong>Derecho de portabilidad<\/strong><span style=\"font-weight: 400;\"><strong>:<\/strong> Poder obtener una copia en formato interoperable de los datos que est\u00e9n siendo tratados.\u00a0<\/span><\/li>\n<\/ul>\n<ul>\n<li><strong>Derecho a la limitaci\u00f3n<\/strong><span style=\"font-weight: 400;\"><strong> del tratamiento<\/strong> en los casos que considere que no es necesario.\u00a0<\/span><\/li>\n<\/ul>\n<ul>\n<li style=\"font-weight: 400;\"><b>Derecho de cancelaci\u00f3n<\/b><span style=\"font-weight: 400;\">: Solicitar el cese del tratamiento de los datos y su supresi\u00f3n cuando ya no sea necesaria su conservaci\u00f3n.<\/span><\/li>\n<\/ul>\n<p style=\"font-weight: 400; text-align: justify;\">Asimismo, queremos informarte de que puedes retirar el consentimiento prestado sin que ello afecte a la licitud del tratamiento ya realizado, enviando tu solicitud a la misma direcci\u00f3n indicada en el p\u00e1rrafo anterior. En este caso, deber\u00e1s acompa\u00f1ar a tu solicitud, copia de tu DNI o documento acreditativo de tu identidad.<\/p>\n<p style=\"font-weight: 400; text-align: justify;\">Si deseas m\u00e1s informaci\u00f3n respecto al tratamiento de tus datos, rectificar aquellos que sean inexactos, oponerse y\/o limitar alg\u00fan tratamiento que consideres que no es necesario, o solicitar la cancelaci\u00f3n del tratamiento cuando los datos ya no sean necesarios, puedes dirigirte por escrito a Kombu del Cantabrico S.L., en Pol. Ind. Sete Pias, vial 3 nave 2, 36638 &#8211; Cambados (Pontevedra) o mediante correo electr\u00f3nico a hola@algaslapatrona.com.<\/p>\n<ul>\n<li style=\"font-weight: 400;\"><span style=\"font-weight: 400;\">Dicha comunicaci\u00f3n deber\u00e1 reflejar la siguiente informaci\u00f3n: Nombre y apellidos del usuario, la petici\u00f3n de solicitud, el domicilio y los datos acreditativos.\u00a0<\/span><\/li>\n<li style=\"font-weight: 400;\"><span style=\"font-weight: 400;\">El ejercicio de derechos deber\u00e1 ser realizado por el propio usuario. No obstante, podr\u00e1n ser ejecutados por una persona autorizada como representante legal del autorizado. En tal caso, se deber\u00e1 aportar la documentaci\u00f3n que acredite esta representaci\u00f3n del interesado.\u00a0<\/span><\/li>\n<\/ul>\n<p style=\"font-weight: 400; text-align: justify;\">Recordarte, adem\u00e1s, que tienes derecho a presentar una reclamaci\u00f3n ante la Agencia Espa\u00f1ola de Protecci\u00f3n de Datos (AEPD), si consideras infringidos tus derechos, en la siguiente direcci\u00f3n: Protecci\u00f3n de datos C\/ Jorge Juan, 6 28001-Madrid &#8211; FAX: 914483680- TELF: 901 100 099- E-mail: ciudadano@agpd.es\u00a0<\/p>\n<\/div><div class=\"fusion-clearfix\"><\/div><\/div><\/div><\/div><\/div><\/p>\n","protected":false},"excerpt":{"rendered":"","protected":false},"author":1,"featured_media":0,"parent":0,"menu_order":0,"comment_status":"closed","ping_status":"closed","template":"100-width.php","meta":[],"yoast_head":"<!-- This site is optimized with the Yoast SEO plugin v21.1 - https:\/\/yoast.com\/wordpress\/plugins\/seo\/ -->\n<title>Privacy Policy - Algas La Patrona<\/title>\n<meta name=\"robots\" content=\"index, follow, max-snippet:-1, max-image-preview:large, max-video-preview:-1\" \/>\n<link rel=\"canonical\" href=\"https:\/\/algaslapatrona.com\/en\/privacy-policy\/\" \/>\n<meta property=\"og:locale\" content=\"en_US\" \/>\n<meta property=\"og:type\" content=\"article\" \/>\n<meta property=\"og:title\" content=\"Privacy Policy - Algas La Patrona\" \/>\n<meta property=\"og:url\" content=\"https:\/\/algaslapatrona.com\/en\/privacy-policy\/\" \/>\n<meta property=\"og:site_name\" content=\"Algas La Patrona\" \/>\n<meta property=\"article:modified_time\" content=\"2021-01-20T17:45:15+00:00\" \/>\n<meta name=\"twitter:card\" content=\"summary_large_image\" \/>\n<meta name=\"twitter:label1\" content=\"Est. reading time\" \/>\n\t<meta name=\"twitter:data1\" content=\"13 minutes\" \/>\n<script type=\"application\/ld+json\" class=\"yoast-schema-graph\">{\"@context\":\"https:\/\/schema.org\",\"@graph\":[{\"@type\":\"WebPage\",\"@id\":\"https:\/\/algaslapatrona.com\/en\/privacy-policy\/\",\"url\":\"https:\/\/algaslapatrona.com\/en\/privacy-policy\/\",\"name\":\"Privacy Policy - Algas La Patrona\",\"isPartOf\":{\"@id\":\"https:\/\/algaslapatrona.com\/#website\"},\"datePublished\":\"2020-10-27T11:29:31+00:00\",\"dateModified\":\"2021-01-20T17:45:15+00:00\",\"breadcrumb\":{\"@id\":\"https:\/\/algaslapatrona.com\/en\/privacy-policy\/#breadcrumb\"},\"inLanguage\":\"en-US\",\"potentialAction\":[{\"@type\":\"ReadAction\",\"target\":[\"https:\/\/algaslapatrona.com\/en\/privacy-policy\/\"]}]},{\"@type\":\"BreadcrumbList\",\"@id\":\"https:\/\/algaslapatrona.com\/en\/privacy-policy\/#breadcrumb\",\"itemListElement\":[{\"@type\":\"ListItem\",\"position\":1,\"name\":\"Portada\",\"item\":\"https:\/\/algaslapatrona.com\/en\/\"},{\"@type\":\"ListItem\",\"position\":2,\"name\":\"Privacy Policy\"}]},{\"@type\":\"WebSite\",\"@id\":\"https:\/\/algaslapatrona.com\/#website\",\"url\":\"https:\/\/algaslapatrona.com\/\",\"name\":\"Algas La Patrona\",\"description\":\"Algas La Patrona\",\"potentialAction\":[{\"@type\":\"SearchAction\",\"target\":{\"@type\":\"EntryPoint\",\"urlTemplate\":\"https:\/\/algaslapatrona.com\/?s={search_term_string}\"},\"query-input\":\"required name=search_term_string\"}],\"inLanguage\":\"en-US\"}]}<\/script>\n<!-- \/ Yoast SEO plugin. -->","yoast_head_json":{"title":"Privacy Policy - Algas La Patrona","robots":{"index":"index","follow":"follow","max-snippet":"max-snippet:-1","max-image-preview":"max-image-preview:large","max-video-preview":"max-video-preview:-1"},"canonical":"https:\/\/algaslapatrona.com\/en\/privacy-policy\/","og_locale":"en_US","og_type":"article","og_title":"Privacy Policy - Algas La Patrona","og_url":"https:\/\/algaslapatrona.com\/en\/privacy-policy\/","og_site_name":"Algas La Patrona","article_modified_time":"2021-01-20T17:45:15+00:00","twitter_card":"summary_large_image","twitter_misc":{"Est. reading time":"13 minutes"},"schema":{"@context":"https:\/\/schema.org","@graph":[{"@type":"WebPage","@id":"https:\/\/algaslapatrona.com\/en\/privacy-policy\/","url":"https:\/\/algaslapatrona.com\/en\/privacy-policy\/","name":"Privacy Policy - Algas La Patrona","isPartOf":{"@id":"https:\/\/algaslapatrona.com\/#website"},"datePublished":"2020-10-27T11:29:31+00:00","dateModified":"2021-01-20T17:45:15+00:00","breadcrumb":{"@id":"https:\/\/algaslapatrona.com\/en\/privacy-policy\/#breadcrumb"},"inLanguage":"en-US","potentialAction":[{"@type":"ReadAction","target":["https:\/\/algaslapatrona.com\/en\/privacy-policy\/"]}]},{"@type":"BreadcrumbList","@id":"https:\/\/algaslapatrona.com\/en\/privacy-policy\/#breadcrumb","itemListElement":[{"@type":"ListItem","position":1,"name":"Portada","item":"https:\/\/algaslapatrona.com\/en\/"},{"@type":"ListItem","position":2,"name":"Privacy Policy"}]},{"@type":"WebSite","@id":"https:\/\/algaslapatrona.com\/#website","url":"https:\/\/algaslapatrona.com\/","name":"Algas La Patrona","description":"Algas La Patrona","potentialAction":[{"@type":"SearchAction","target":{"@type":"EntryPoint","urlTemplate":"https:\/\/algaslapatrona.com\/?s={search_term_string}"},"query-input":"required name=search_term_string"}],"inLanguage":"en-US"}]}},"_links":{"self":[{"href":"https:\/\/algaslapatrona.com\/en\/wp-json\/wp\/v2\/pages\/20766"}],"collection":[{"href":"https:\/\/algaslapatrona.com\/en\/wp-json\/wp\/v2\/pages"}],"about":[{"href":"https:\/\/algaslapatrona.com\/en\/wp-json\/wp\/v2\/types\/page"}],"author":[{"embeddable":true,"href":"https:\/\/algaslapatrona.com\/en\/wp-json\/wp\/v2\/users\/1"}],"replies":[{"embeddable":true,"href":"https:\/\/algaslapatrona.com\/en\/wp-json\/wp\/v2\/comments?post=20766"}],"version-history":[{"count":10,"href":"https:\/\/algaslapatrona.com\/en\/wp-json\/wp\/v2\/pages\/20766\/revisions"}],"predecessor-version":[{"id":21084,"href":"https:\/\/algaslapatrona.com\/en\/wp-json\/wp\/v2\/pages\/20766\/revisions\/21084"}],"wp:attachment":[{"href":"https:\/\/algaslapatrona.com\/en\/wp-json\/wp\/v2\/media?parent=20766"}],"curies":[{"name":"wp","href":"https:\/\/api.w.org\/{rel}","templated":true}]}}