{"id":20995,"date":"2018-09-05T15:40:36","date_gmt":"2018-09-05T15:40:36","guid":{"rendered":"https:\/\/algaslapatrona.com\/cookies-policy\/"},"modified":"2021-01-20T17:57:19","modified_gmt":"2021-01-20T17:57:19","slug":"cookies-policy","status":"publish","type":"page","link":"https:\/\/algaslapatrona.com\/en\/cookies-policy\/","title":{"rendered":"Cookies Policy"},"content":{"rendered":"<p><div class=\"fusion-bg-parallax\" data-bg-align=\"center center\" data-direction=\"down\" data-mute=\"false\" data-opacity=\"100\" data-velocity=\"-0.3\" data-mobile-enabled=\"false\" data-break_parents=\"0\" data-bg-image=\"https:\/\/algaslapatrona.com\/wp-content\/uploads\/2018\/07\/parallax.dark1_.jpg\" data-bg-repeat=\"false\" data-bg-color=\"#ffffff\" ><\/div><div class=\"fusion-fullwidth fullwidth-box fusion-builder-row-1 fusion-parallax-down nonhundred-percent-fullwidth non-hundred-percent-height-scrolling\" style=\"background-color: #ffffff;background-image: url(&quot;https:\/\/algaslapatrona.com\/wp-content\/uploads\/2018\/07\/parallax.dark1_.jpg&quot;);background-position: center center;background-repeat: no-repeat;padding-top:30px;padding-right:0px;padding-bottom:30px;padding-left:0px;border-width: 0 0 0 0;border-color:#eae9e9;border-style:solid;-webkit-background-size:cover;-moz-background-size:cover;-o-background-size:cover;background-size:cover;\" ><div class=\"fusion-builder-row fusion-row\"><div class=\"fusion-layout-column fusion_builder_column fusion-builder-column-0 fusion_builder_column_1_1 1_1 fusion-one-full fusion-column-first fusion-column-last\" style=\"margin-top:15px;margin-bottom:15px;\"><div class=\"fusion-column-wrapper fusion-flex-column-wrapper-legacy\" style=\"background-position:left top;background-repeat:no-repeat;-webkit-background-size:cover;-moz-background-size:cover;-o-background-size:cover;background-size:cover;padding: 0px 0px 0px 0px;\"><style type=\"text\/css\"><\/style><div class=\"fusion-title title fusion-title-1 fusion-sep-none fusion-title-center fusion-title-text fusion-title-size-one\" style=\"margin-top:0px;margin-right:0px;margin-bottom:30px;margin-left:0px;\"><h1 class=\"title-heading-center fusion-responsive-typography-calculated\" style=\"margin:0;--fontSize:50;line-height:1.2;\"><h1 style=\"text-align: center; color: #fff;\">COOKIES POLICY<\/h1><\/h1><\/div><div class=\"fusion-clearfix\"><\/div><\/div><\/div><\/div><\/div><div class=\"fusion-fullwidth fullwidth-box fusion-builder-row-2 nonhundred-percent-fullwidth non-hundred-percent-height-scrolling\" style=\"background-color: #ffffff;background-position: center center;background-repeat: no-repeat;padding-top:30px;padding-right:0px;padding-bottom:30px;padding-left:0px;border-width: 0 0 0 0;border-color:#eae9e9;border-style:solid;\" ><div class=\"fusion-builder-row fusion-row\"><div class=\"fusion-layout-column fusion_builder_column fusion-builder-column-1 fusion_builder_column_1_1 1_1 fusion-one-full fusion-column-first fusion-column-last\" style=\"margin-top:15px;margin-bottom:15px;\"><div class=\"fusion-column-wrapper fusion-flex-column-wrapper-legacy\" style=\"background-position:left top;background-repeat:no-repeat;-webkit-background-size:cover;-moz-background-size:cover;-o-background-size:cover;background-size:cover;padding: 0px 0px 0px 0px;\"><style type=\"text\/css\"><\/style><div class=\"fusion-title title fusion-title-2 fusion-sep-none fusion-title-text fusion-title-size-three\" style=\"margin-top:0px;margin-right:0px;margin-bottom:30px;margin-left:0px;\"><h3 class=\"title-heading-left fusion-responsive-typography-calculated\" style=\"margin:0;--fontSize:18;line-height:1...;\">COOKIES POLICY<\/h3><\/div><div class=\"fusion-text fusion-text-1\"><p style=\"text-align: justify;\">De conformidad con la normativa espa\u00f1ola que regula el uso de cookies en relaci\u00f3n a la prestaci\u00f3n de servicios de la sociedad de la informaci\u00f3n, recogida en el apartado segundo del art\u00edculo 22 de la Ley 34\/2002, de 11 de julio, de servicios de la sociedad de la informaci\u00f3n y de comercio electr\u00f3nico, tras su modificaci\u00f3n por el Real Decreto Ley 13\/2012 del 30 de marzo, le informamos sobre las cookies utilizadas en el sitio web <a href=\"https:\/\/algaslapatrona.com\/\">algaslapatrona.com<\/a> \u00a0y el motivo de su uso. Asimismo, le informamos que de conformidad con la ley (i) el USUARIO da su consentimiento para poder utilizarlas si modifica la configuraci\u00f3n de su navegador deshabilitando las restricciones que impiden la entrada de cookies y (ii) que el referido consentimiento no ser\u00e1 preciso para la instalaci\u00f3n de aquellas cookies que sean estrictamente necesarias para la prestaci\u00f3n de un servicio expresamente solicitado por el USUARIO.<\/p>\n<\/div><style type=\"text\/css\"><\/style><div class=\"fusion-title title fusion-title-3 fusion-sep-none fusion-title-text fusion-title-size-three\" style=\"margin-top:0px;margin-right:0px;margin-bottom:30px;margin-left:0px;\"><h3 class=\"title-heading-left fusion-responsive-typography-calculated\" style=\"margin:0;--fontSize:18;line-height:1...;\">\u00bfQUE SON LAS COOKIES?<\/h3><\/div><div class=\"fusion-text fusion-text-2\"><p style=\"text-align: justify;\">Las cookies son peque\u00f1os archivos de texto que se instalan en el navegador del ordenador del USUARIO para registrar su actividad enviando una identificaci\u00f3n an\u00f3nima que se almacena en el mismo, con la finalidad de que la navegaci\u00f3n sea m\u00e1s sencilla, permitiendo por ejemplo, el acceso a los USUARIOS que se hayan registrado previamente, el acceso a las \u00e1reas, servicios o promociones reservados exclusivamente a ellos sin tener que registrarse en cada visita. Se pueden utilizar tambi\u00e9n para medir la audiencia, par\u00e1metros del tr\u00e1fico y navegaci\u00f3n, tiempo de sesi\u00f3n, y\/o controlar el progreso y n\u00famero de entradas. Las cookies se asocian \u00fanicamente a un usuario an\u00f3nimo y su ordenador o dispositivo y no proporcionan referencias que permitan conocer sus datos personales.<\/p>\n<\/div><style type=\"text\/css\"><\/style><div class=\"fusion-title title fusion-title-4 fusion-sep-none fusion-title-text fusion-title-size-three\" style=\"margin-top:0px;margin-right:0px;margin-bottom:30px;margin-left:0px;\"><h3 class=\"title-heading-left fusion-responsive-typography-calculated\" style=\"margin:0;--fontSize:18;line-height:1...;\">TIPOS DE COOKIES<\/h3><\/div><div class=\"fusion-text fusion-text-3\"><ol>\n<li><strong>Cookies propias:<\/strong> Son aqu\u00e9llas que se env\u00edan al equipo terminal del usuario desde un equipo o dominio gestionado por el propio editor y desde el que se presta el servicio Solicitado por el usuario.<\/li>\n<li><strong>Cookies de terceros:<\/strong> Son aqu\u00e9llas que se env\u00edan al equipo terminal del usuario desde un equipo o dominio que no es gestionado por el editor, sino por otra entidad que trata los datos obtenidos trav\u00e9s de las cookies.<\/li>\n<li><strong>Cookies de sesi\u00f3n:<\/strong> Son un tipo de cookies dise\u00f1adas para recabar y almacenar datos mientras el usuario accede a una p\u00e1gina web.<\/li>\n<li><strong>Cookies persistentes:<\/strong> Son un tipo de cookies en el que los datos siguen almacenados en el terminal y pueden ser accedidos y tratados durante un periodo definido por el responsable de la cookie, y que puede ir de unos minutos a varios a\u00f1os.<\/li>\n<li><strong>Cookies t\u00e9cnicas:<\/strong> Son aquellas que permiten al usuario la navegaci\u00f3n a trav\u00e9s de una p\u00e1gina web y la utilizaci\u00f3n de las diferentes opciones o servicios que en ella existan como, por ejemplo, controlar el tr\u00e1fico y la comunicaci\u00f3n de datos, identificar la sesi\u00f3n, acceder a partes de acceso restringido, recordar los elementos que integran un pedido, almacenar contenidos para la difusi\u00f3n de videos o sonido o compartir contenidos a trav\u00e9s de redes sociales<\/li>\n<li><strong>Cookies de personalizaci\u00f3n:<\/strong> Son aquellas que permiten al usuario acceder al servicio con algunas caracter\u00edsticas de car\u00e1cter general predefinidas en funci\u00f3n de una serie de criterios en el terminal del usuario como por ejemplo ser\u00edan el idioma, el tipo de navegador a trav\u00e9s del cual accede al servicio, etc.<\/li>\n<li><strong>Cookies de an\u00e1lisis:<\/strong> Son aqu\u00e9llas que bien tratadas por nosotros o por terceros, nos permiten cuantificar el n\u00famero de usuarios y as\u00ed realizar la medici\u00f3n y an\u00e1lisis estad\u00edstico de la utilizaci\u00f3n que hacen los usuarios del servicio ofertado. Para ello se analiza su navegaci\u00f3n en nuestra p\u00e1gina web con el fin de mejorar la oferta de productos o servicios que le ofrecemos.<\/li>\n<li><strong>Cookies publicitarias:<\/strong> Son aqu\u00e9llas que permiten la gesti\u00f3n, de la forma m\u00e1s eficaz posible, de los espacios publicitarios que, en su caso, el editor haya incluido en una p\u00e1gina web, aplicaci\u00f3n o plataforma desde la que presta el servicio solicitado en base a criterios como el contenido editado o la frecuencia en la que se muestran los anuncios.<\/li>\n<li><strong>Cookies de publicidad comportamental:<\/strong> Son aqu\u00e9llas que permiten la gesti\u00f3n, de la forma m\u00e1s eficaz posible, de los espacios publicitarios que, en su caso, el editor haya incluido en una p\u00e1gina web, aplicaci\u00f3n o plataforma desde la que presta el servicio solicitado. Estas cookies almacenan informaci\u00f3n del comportamiento de los usuarios obtenida a trav\u00e9s de la observaci\u00f3n continuada de sus h\u00e1bitos de navegaci\u00f3n, lo que permite desarrollar un perfil espec\u00edfico para mostrar publicidad en funci\u00f3n del mismo.<\/li>\n<\/ol>\n<\/div><style type=\"text\/css\"><\/style><div class=\"fusion-title title fusion-title-5 fusion-sep-none fusion-title-text fusion-title-size-three\" style=\"margin-top:0px;margin-right:0px;margin-bottom:30px;margin-left:0px;\"><h3 class=\"title-heading-left fusion-responsive-typography-calculated\" style=\"margin:0;--fontSize:18;line-height:1...;\">TIPOS DE COOKIES UTILIZADAS POR ESTE SITIO WEB<\/h3><\/div><div class=\"fusion-text fusion-text-4\"><p style=\"text-align: justify;\">Las cookies utilizadas en nuestro sitio web, son de sesi\u00f3n y de terceros, y nos permiten almacenar y acceder a informaci\u00f3n relativa al idioma, el tipo de navegador utilizado, y otras caracter\u00edsticas generales predefinidas por el usuario, as\u00ed como, seguir y analizar la actividad que lleva a cabo, con el objeto de introducir mejoras y prestar nuestros servicios de una manera m\u00e1s eficiente y personalizada en algaslapatrona.com. no utiliza cookies publicitarias o de publicidad comportamental.<\/p>\n<p style=\"text-align: justify;\">La utilizaci\u00f3n de las\u00a0cookies\u00a0ofrece ventajas en la prestaci\u00f3n de servicios, puesto que, facilita al usuario la navegaci\u00f3n y el acceso a los diferentes servicios que ofrece este sitio web; evita al usuario tener que configurar las caracter\u00edsticas generales predefinidas cada vez que accede al sitio web; favorece la mejora del funcionamiento y de los servicios prestados a trav\u00e9s de este sitio web, tras el correspondiente an\u00e1lisis de la informaci\u00f3n obtenida a trav\u00e9s de las\u00a0cookies\u00a0instaladas.<\/p>\n<\/div>\n<div class=\"table-1\">\n<table width=\"100%\" style=\"display:inline-block;\">\n<thead>\n<tr>\n<th align=\"left\">Cookie<\/th>\n<th align=\"left\">Nombre<\/th>\n<th align=\"left\">Tipo<\/th>\n<th align=\"left\" style=\"width:25%;\">Finalidad<\/th>\n<th align=\"left\">Duraci\u00f3n<\/th>\n<th align=\"left\">M\u00e1s informaci\u00f3n<\/th>\n<\/tr>\n<\/thead>\n<tbody>\n<tr>\n<td align=\"left\">algaslapatrona<\/td>\n<td align=\"left\">_ga<\/td>\n<td align=\"left\">De terceros: Google Analytics<\/td>\n<td align=\"left\">Se usa para diferenciar entre usuarios y sesiones. La cookie se crea al cargar la librer\u00eda javascript y no existe una versi\u00f3n previa de la cookie _ga. La cookie se actualiza cada vez que envia los datos a Google Analytics.<\/td>\n<td align=\"left\">2 a\u00f1os<\/td>\n<td align=\"left\"><a href=\"https:\/\/developers.google.com\/analytics\/devguides\/collection\/analyticsjs\/cookie-usage?hl=es-419\">https:\/\/developers.google.com\/analytics\/devguides\/collection\/analyticsjs\/cookie-usage?hl=es-419<\/a><\/td>\n<\/tr>\n<tr>\n<td align=\"left\"><\/td>\n<td align=\"left\">_gat<\/td>\n<td align=\"left\"><\/td>\n<td align=\"left\">Se usa para diferenciar entre los diferentes objetos de seguimiento creados en la sesi\u00f3n. La cookie se crea al cargar la librer\u00eda javascript y no existe una versi\u00f3n previa de la cookie _gat. La cookie se actualiza cada vez que envia los datos a Google Analytics.<\/td>\n<td align=\"left\">1 minuto<\/td>\n<td align=\"left\"><\/td>\n<\/tr>\n<tr>\n<td align=\"left\"><\/td>\n<td align=\"left\">_gid<\/td>\n<td align=\"left\"><\/td>\n<td align=\"left\">Se usa para distinguir a los usuarios<\/td>\n<td align=\"left\">1 d\u00eda<\/td>\n<td align=\"left\"><\/td>\n<\/tr>\n<tr>\n<td align=\"left\"><\/td>\n<td align=\"left\">cdp-cookies-plugin-wp<\/td>\n<td align=\"left\"><\/td>\n<td align=\"left\">Aceptaci\u00f3n de instalaci\u00f3n de cookies<\/td>\n<td align=\"left\">1 a\u00f1o<\/td>\n<td align=\"left\"><\/td>\n<\/tr>\n<\/tbody>\n<\/table>\n<\/div>\n<div class=\"fusion-text fusion-text-5\"><p><em><strong><br \/>\nNOTA:<\/strong> En alguna p\u00e1gina de este sitio web se muestra contenido embebido o invocado a trav\u00e9s del cual se pueden estar instalando cookies de terceros. Aunque la p\u00e1gina es revisada cada cierto tiempo puede ser que el listado de cookies no est\u00e9 actualizado. Si desea hacer alguna pregunta sobre las cookies que se instalan a trav\u00e9s de este sitio web, contacte con nosotros<\/em><\/p>\n<\/div><style type=\"text\/css\"><\/style><div class=\"fusion-title title fusion-title-6 fusion-sep-none fusion-title-text fusion-title-size-three\" style=\"margin-top:0px;margin-right:0px;margin-bottom:30px;margin-left:0px;\"><h3 class=\"title-heading-left fusion-responsive-typography-calculated\" style=\"margin:0;--fontSize:18;line-height:1...;\">DESHABILITACI\u00d3N DE LAS COOKIES<\/h3><\/div><div class=\"fusion-text fusion-text-6\"><p>Como usuario en todo momento podr\u00e1 acceder a la configuraci\u00f3n de su navegador\u00a0aceptando o rechazando todas las cookies, o bien seleccionar aqu\u00e9llas cuya instalaci\u00f3n admite y cu\u00e1les no, siguiendo uno de los siguientes procedimientos, que depende del navegador que utilice:<\/p>\n<p>Dado que cada navegador utiliza una manera diferente, la funci\u00f3n ayuda de su navegador le indicar\u00e1 como hacerlo<\/p>\n<ul>\n<li><strong>InternetExplorer:<\/strong>\u00a0<a href=\"http:\/\/windows.microsoft.com\/es-xl\/internet-explorer\/delete-manage-cookies#ie=\">windows.microsoft.com\/es-xl\/internet-explorer\/delete-manage-cookies#ie=&#8221;ie-10&#8243;<\/a><\/li>\n<li><strong>FireFox:<\/strong> <a href=\"http:\/\/support.mozilla.org\/es\/kb\/Borrar%20cookies\">support.mozilla.org\/es\/kb\/Borrar%20cookies<\/a><\/li>\n<li><strong>Chrome:<\/strong> <a href=\"http:\/\/support.google.com\/chrome\/answer\/95647?hl=\">support.google.com\/chrome\/answer\/95647?hl=&#8221;es&#8221;<\/a><\/li>\n<li><strong>Safari:<\/strong> <a href=\"http:\/\/www.apple.com\/es\/privacy\/use-of-cookies\/\">www.apple.com\/es\/privacy\/use-of-cookies\/<\/a><\/li>\n<\/ul>\n<p>Todos los navegadores permiten cambiar la configuraci\u00f3n de Cookies. Estos ajustes normalmente se encuentran en las &#8216;opciones&#8217; o &#8216;Preferencias&#8217; del men\u00fa de su navegador.<br \/>\nA continuaci\u00f3n se ofrece informaci\u00f3n sobre los pasos para acceder al men\u00fa de configuraci\u00f3n de las cookies y, en su caso, de la navegaci\u00f3n privada en cada uno de los navegadores principales:<\/p>\n<p><strong>Internet Explorer:<\/strong> Herramientas -&gt; Opciones de Internet -&gt; Privacidad -&gt; Configuraci\u00f3n.<br \/>\nPara m\u00e1s informaci\u00f3n, puede consultar el\u00a0soporte de Microsoft\u00a0\u00a0o la Ayuda del navegador.<br \/>\n<strong>Firefox:<\/strong> Herramientas -&gt; Opciones -&gt; Privacidad -&gt; Historial -&gt; Configuraci\u00f3n Personalizada.<br \/>\nPara m\u00e1s informaci\u00f3n, puede consultar el\u00a0soporte de Mozilla\u00a0\u00a0o la Ayuda del navegador.<br \/>\n<strong>Chrome:<\/strong> Configuraci\u00f3n -&gt; Mostrar opciones avanzadas -&gt; Privacidad -&gt; Configuraci\u00f3n de contenido.<br \/>\nPara m\u00e1s informaci\u00f3n, puede consultar el\u00a0soporte de Google\u00a0\u00a0o la Ayuda del navegador.<br \/>\n<strong>Safari: <\/strong>Preferencias-&gt;Seguridad.<br \/>\nPara m\u00e1s informaci\u00f3n, puede consultar el\u00a0soporte de Apple\u00a0\u00a0o la Ayuda del navegador.<\/p>\n<p>Para cualquier consulta puede ponerse en contacto con nosotros en la siguiente direcci\u00f3n de correo: <a href=\"mailto:hola@algaslapatrona.com\">hola@algaslapatrona.com<\/a> .<\/p>\n<\/div><div class=\"fusion-clearfix\"><\/div><\/div><\/div><\/div><\/div><\/p>\n","protected":false},"excerpt":{"rendered":"","protected":false},"author":2,"featured_media":0,"parent":0,"menu_order":0,"comment_status":"closed","ping_status":"closed","template":"100-width.php","meta":[],"yoast_head":"<!-- This site is optimized with the Yoast SEO plugin v21.1 - https:\/\/yoast.com\/wordpress\/plugins\/seo\/ -->\n<title>Cookies Policy - Algas La Patrona<\/title>\n<meta name=\"robots\" content=\"index, follow, max-snippet:-1, max-image-preview:large, max-video-preview:-1\" \/>\n<link rel=\"canonical\" href=\"https:\/\/algaslapatrona.com\/en\/cookies-policy\/\" \/>\n<meta property=\"og:locale\" content=\"en_US\" \/>\n<meta property=\"og:type\" content=\"article\" \/>\n<meta property=\"og:title\" content=\"Cookies Policy - Algas La Patrona\" \/>\n<meta property=\"og:url\" content=\"https:\/\/algaslapatrona.com\/en\/cookies-policy\/\" \/>\n<meta property=\"og:site_name\" content=\"Algas La Patrona\" \/>\n<meta property=\"article:modified_time\" content=\"2021-01-20T17:57:19+00:00\" \/>\n<meta name=\"twitter:card\" content=\"summary_large_image\" \/>\n<meta name=\"twitter:label1\" content=\"Est. reading time\" \/>\n\t<meta name=\"twitter:data1\" content=\"19 minutes\" \/>\n<script type=\"application\/ld+json\" class=\"yoast-schema-graph\">{\"@context\":\"https:\/\/schema.org\",\"@graph\":[{\"@type\":\"WebPage\",\"@id\":\"https:\/\/algaslapatrona.com\/en\/cookies-policy\/\",\"url\":\"https:\/\/algaslapatrona.com\/en\/cookies-policy\/\",\"name\":\"Cookies Policy - Algas La Patrona\",\"isPartOf\":{\"@id\":\"https:\/\/algaslapatrona.com\/#website\"},\"datePublished\":\"2018-09-05T15:40:36+00:00\",\"dateModified\":\"2021-01-20T17:57:19+00:00\",\"breadcrumb\":{\"@id\":\"https:\/\/algaslapatrona.com\/en\/cookies-policy\/#breadcrumb\"},\"inLanguage\":\"en-US\",\"potentialAction\":[{\"@type\":\"ReadAction\",\"target\":[\"https:\/\/algaslapatrona.com\/en\/cookies-policy\/\"]}]},{\"@type\":\"BreadcrumbList\",\"@id\":\"https:\/\/algaslapatrona.com\/en\/cookies-policy\/#breadcrumb\",\"itemListElement\":[{\"@type\":\"ListItem\",\"position\":1,\"name\":\"Portada\",\"item\":\"https:\/\/algaslapatrona.com\/en\/\"},{\"@type\":\"ListItem\",\"position\":2,\"name\":\"Cookies Policy\"}]},{\"@type\":\"WebSite\",\"@id\":\"https:\/\/algaslapatrona.com\/#website\",\"url\":\"https:\/\/algaslapatrona.com\/\",\"name\":\"Algas La Patrona\",\"description\":\"Algas La Patrona\",\"potentialAction\":[{\"@type\":\"SearchAction\",\"target\":{\"@type\":\"EntryPoint\",\"urlTemplate\":\"https:\/\/algaslapatrona.com\/?s={search_term_string}\"},\"query-input\":\"required name=search_term_string\"}],\"inLanguage\":\"en-US\"}]}<\/script>\n<!-- \/ Yoast SEO plugin. -->","yoast_head_json":{"title":"Cookies Policy - Algas La Patrona","robots":{"index":"index","follow":"follow","max-snippet":"max-snippet:-1","max-image-preview":"max-image-preview:large","max-video-preview":"max-video-preview:-1"},"canonical":"https:\/\/algaslapatrona.com\/en\/cookies-policy\/","og_locale":"en_US","og_type":"article","og_title":"Cookies Policy - Algas La Patrona","og_url":"https:\/\/algaslapatrona.com\/en\/cookies-policy\/","og_site_name":"Algas La Patrona","article_modified_time":"2021-01-20T17:57:19+00:00","twitter_card":"summary_large_image","twitter_misc":{"Est. reading time":"19 minutes"},"schema":{"@context":"https:\/\/schema.org","@graph":[{"@type":"WebPage","@id":"https:\/\/algaslapatrona.com\/en\/cookies-policy\/","url":"https:\/\/algaslapatrona.com\/en\/cookies-policy\/","name":"Cookies Policy - Algas La Patrona","isPartOf":{"@id":"https:\/\/algaslapatrona.com\/#website"},"datePublished":"2018-09-05T15:40:36+00:00","dateModified":"2021-01-20T17:57:19+00:00","breadcrumb":{"@id":"https:\/\/algaslapatrona.com\/en\/cookies-policy\/#breadcrumb"},"inLanguage":"en-US","potentialAction":[{"@type":"ReadAction","target":["https:\/\/algaslapatrona.com\/en\/cookies-policy\/"]}]},{"@type":"BreadcrumbList","@id":"https:\/\/algaslapatrona.com\/en\/cookies-policy\/#breadcrumb","itemListElement":[{"@type":"ListItem","position":1,"name":"Portada","item":"https:\/\/algaslapatrona.com\/en\/"},{"@type":"ListItem","position":2,"name":"Cookies Policy"}]},{"@type":"WebSite","@id":"https:\/\/algaslapatrona.com\/#website","url":"https:\/\/algaslapatrona.com\/","name":"Algas La Patrona","description":"Algas La Patrona","potentialAction":[{"@type":"SearchAction","target":{"@type":"EntryPoint","urlTemplate":"https:\/\/algaslapatrona.com\/?s={search_term_string}"},"query-input":"required name=search_term_string"}],"inLanguage":"en-US"}]}},"_links":{"self":[{"href":"https:\/\/algaslapatrona.com\/en\/wp-json\/wp\/v2\/pages\/20995"}],"collection":[{"href":"https:\/\/algaslapatrona.com\/en\/wp-json\/wp\/v2\/pages"}],"about":[{"href":"https:\/\/algaslapatrona.com\/en\/wp-json\/wp\/v2\/types\/page"}],"author":[{"embeddable":true,"href":"https:\/\/algaslapatrona.com\/en\/wp-json\/wp\/v2\/users\/2"}],"replies":[{"embeddable":true,"href":"https:\/\/algaslapatrona.com\/en\/wp-json\/wp\/v2\/comments?post=20995"}],"version-history":[{"count":17,"href":"https:\/\/algaslapatrona.com\/en\/wp-json\/wp\/v2\/pages\/20995\/revisions"}],"predecessor-version":[{"id":21097,"href":"https:\/\/algaslapatrona.com\/en\/wp-json\/wp\/v2\/pages\/20995\/revisions\/21097"}],"wp:attachment":[{"href":"https:\/\/algaslapatrona.com\/en\/wp-json\/wp\/v2\/media?parent=20995"}],"curies":[{"name":"wp","href":"https:\/\/api.w.org\/{rel}","templated":true}]}}