{"id":21009,"date":"2020-11-03T17:31:35","date_gmt":"2020-11-03T17:31:35","guid":{"rendered":"https:\/\/algaslapatrona.com\/condiciones\/"},"modified":"2021-01-20T17:18:23","modified_gmt":"2021-01-20T17:18:23","slug":"terms","status":"publish","type":"page","link":"https:\/\/algaslapatrona.com\/en\/terms\/","title":{"rendered":"Terms"},"content":{"rendered":"<p><div class=\"fusion-bg-parallax\" data-bg-align=\"center top\" data-direction=\"up\" data-mute=\"false\" data-opacity=\"100\" data-velocity=\"-0.3\" data-mobile-enabled=\"false\" data-break_parents=\"0\" data-bg-image=\"https:\/\/algaslapatrona.com\/wp-content\/uploads\/2018\/07\/slider.codium.jpg\" data-bg-repeat=\"false\" data-bg-color=\"#ffffff\" ><\/div><div class=\"fusion-fullwidth fullwidth-box fusion-builder-row-1 fusion-parallax-up nonhundred-percent-fullwidth non-hundred-percent-height-scrolling\" style=\"background-color: #ffffff;background-image: url(&quot;https:\/\/algaslapatrona.com\/wp-content\/uploads\/2018\/07\/slider.codium.jpg&quot;);background-position: center top;background-repeat: no-repeat;padding-top:30px;padding-right:0px;padding-bottom:30px;padding-left:0px;border-width: 0 0 0 0;border-color:#eae9e9;border-style:solid;-webkit-background-size:cover;-moz-background-size:cover;-o-background-size:cover;background-size:cover;\" ><div class=\"fusion-builder-row fusion-row\"><div class=\"fusion-layout-column fusion_builder_column fusion-builder-column-0 fusion_builder_column_1_1 1_1 fusion-one-full fusion-column-first fusion-column-last\" style=\"margin-top:15px;margin-bottom:15px;\"><div class=\"fusion-column-wrapper fusion-flex-column-wrapper-legacy\" style=\"background-position:left top;background-repeat:no-repeat;-webkit-background-size:cover;-moz-background-size:cover;-o-background-size:cover;background-size:cover;padding: 0px 0px 0px 0px;\"><style type=\"text\/css\"><\/style><div class=\"fusion-title title fusion-title-1 fusion-sep-none fusion-title-center fusion-title-text fusion-title-size-one\" style=\"margin-top:0px;margin-right:0px;margin-bottom:30px;margin-left:0px;\"><h1 class=\"title-heading-center fusion-responsive-typography-calculated\" style=\"margin:0;color:#ffffff;--fontSize:50;line-height:1.2;\"><h1 style=\"color: #fff;\">TERMS<\/h1><\/h1><\/div><div class=\"fusion-clearfix\"><\/div><\/div><\/div><\/div><\/div><div class=\"fusion-fullwidth fullwidth-box fusion-builder-row-2 txt-justify nonhundred-percent-fullwidth non-hundred-percent-height-scrolling\" style=\"background-color: #ffffff;background-position: center center;background-repeat: no-repeat;padding-top:0px;padding-right:0px;padding-bottom:0px;padding-left:0px;margin-bottom: 30px;margin-top: 30px;border-width: 0px 0px 0px 0px;border-color:#eae9e9;border-style:solid;\" ><div class=\"fusion-builder-row fusion-row\"><div class=\"fusion-layout-column fusion_builder_column fusion-builder-column-1 fusion_builder_column_1_1 1_1 fusion-one-full fusion-column-first fusion-column-last\" style=\"margin-top:0px;margin-bottom:0px;\"><div class=\"fusion-column-wrapper fusion-flex-column-wrapper-legacy\" style=\"background-position:left top;background-repeat:no-repeat;-webkit-background-size:cover;-moz-background-size:cover;-o-background-size:cover;background-size:cover;padding: 0px 0px 0px 0px;\"><div class=\"fusion-text fusion-text-1\"><h3>CONTEXTO<\/h3>\n<p>Algas La Patrona reafirma su compromiso con la protecci\u00f3n de datos de los clientes y visitantes de este sitio web. As\u00ed, para garantizar el cumplimiento de lo dispuesto en el Reglamento General de Protecci\u00f3n de Datos (RGPD \u2013 Reglamento [UE] 2016\/679 del Parlamento Europeo y del Consejo de 27 de abril de 2016), relativo a la protecci\u00f3n de las personas f\u00edsicas en lo que respecta al tratamiento de datos personales y la libre circulaci\u00f3n de estos datos, Algas La Patrona ha revisado los T\u00e9rminos y Condiciones de uso de su tienda en l\u00ednea, as\u00ed como su Pol\u00edtica de Privacidad.<\/p>\n<h3>T\u00c9RMINOS Y CONDICIONES GENERALES<\/h3>\n<p>El acceso y uso de este sitio web est\u00e1n sujetos a los presentes T\u00e9rminos y Condiciones Generales de Uso, que incluyen las Condiciones Generales de Venta en la tienda en l\u00ednea www.algaslapatrona.com, as\u00ed como la Pol\u00edtica de Privacidad y Protecci\u00f3n de Datos presentadas por la sociedad comercial Kombu del Cantabrico S.L., B74436874, Pol. Ind. Sete Pias, vial 3 nave 2, 36635, Cambados (Pontevedra), en lo sucesivo denominada \u201cAlgas La Patrona\u201d, referente a la marca registrada que posee.<\/p>\n<h3>INTRODUCCI\u00d3N<\/h3>\n<p>Las ventas realizadas a trav\u00e9s de la tienda en l\u00ednea www.algaslapatrona.com implican la aceptaci\u00f3n por parte del cliente de las Condiciones Generales de Venta que se establecen en cumplimiento de la legislaci\u00f3n aplicable al sector del comercio electr\u00f3nico.<br \/>Algas La Patrona, se reserva el derecho a modificar estas Condiciones Generales de Venta sin previo aviso, responsabiliz\u00e1ndose por la publicaci\u00f3n de cualquier alteraci\u00f3n en dicho sitio web.<br \/>Algas La Patrona no se responsabiliza de cualquier hecho derivado de la indisponibilidad del sitio web, independientemente de la duraci\u00f3n de la misma, y se reserva el derecho a restringir el acceso a algunas \u00e1reas del sitio web por razones de orden t\u00e9cnico o cumplimiento de obligaciones legales.<\/p>\n<h3>CONCEPTOS Y DEFINICIONES<\/h3>\n<p><strong>Cliente:<\/strong> Cualquier persona f\u00edsica con edad m\u00ednima de 18 a\u00f1os que cree una cuenta de cliente, bajo compromiso de que toda la informaci\u00f3n relativa a su identificaci\u00f3n y dem\u00e1s datos necesarios para la realizaci\u00f3n y el procesamiento del pedido sean verdaderos y completos y est\u00e9n actualizados. A todos los efectos, Algas La Patrona considera que una persona colectiva se identifica e individualiza por la conexi\u00f3n entre su designaci\u00f3n social, la sede social y el n\u00famero de identificaci\u00f3n de persona colectiva indicada en el momento de la creaci\u00f3n de dicha cuenta de cliente.<\/p>\n<p><strong>Cookie:<\/strong> Peque\u00f1o fichero que se env\u00eda al equipo del cliente y se almacena en el disco duro. Al crear una cuenta en el sitio web, el equipo del cliente almacenar\u00e1 una cookie que le permitir\u00e1 identificarse de forma autom\u00e1tica siempre que vuelva a visitarnos. Las cookies tambi\u00e9n se emplean para que nuestro sistema pueda seguir los pasos del cliente en una sesi\u00f3n de compra. Si el cliente no acepta el uso de cookies, no podr\u00e1 utilizar este sitio web.<br \/>Datos personales: Informaci\u00f3n relativa a una persona f\u00edsica identificada o identificable, es decir, el \u201ctitular de los datos\u201d, identificable directa o indirectamente mediante un identificador (como nombre, n\u00famero de identificaci\u00f3n, direcci\u00f3n de correo electr\u00f3nico, IP, etc.).<\/p>\n<p><strong>Propiedad Intelectual: <\/strong>Todos los derechos de propiedad intelectual y los contenidos disponibles en este sitio web son propiedad de Algas La Patrona y est\u00e1n protegidos por leyes y tratados en todo el mundo.<br \/>El cliente puede guardar, imprimir o presentar los contenidos de este sitio web \u00fanicamente para uso personal.<br \/>No est\u00e1 permitida la publicaci\u00f3n, manipulaci\u00f3n, distribuci\u00f3n o reproducci\u00f3n, en ning\u00fan formato, de cualquiera de los contenidos de este sitio web, ni tampoco est\u00e1 permitido realizar enlaces al mismo con fines lucrativos.<\/p>\n<p><strong>Tratamiento de datos:<\/strong> Cualquier operaci\u00f3n o conjunto de operaciones aplicables a datos personales o conjuntos de datos personales, mediante procedimientos automatizados o no, tales como la recogida, registro, organizaci\u00f3n, estructuraci\u00f3n, conservaci\u00f3n, adaptaci\u00f3n o modificaci\u00f3n, extracci\u00f3n, consulta, utilizaci\u00f3n, comunicaci\u00f3n por transmisi\u00f3n, difusi\u00f3n o cualquier otra forma que facilite al acceso a los mismos, cotejo o interconexi\u00f3n, as\u00ed como su limitaci\u00f3n, supresi\u00f3n o destrucci\u00f3n.<\/p>\n<\/div><div class=\"fusion-clearfix\"><\/div><\/div><\/div><\/div><\/div><div class=\"fusion-bg-parallax\" data-bg-align=\"center center\" data-direction=\"up\" data-mute=\"false\" data-opacity=\"100\" data-velocity=\"-0.3\" data-mobile-enabled=\"false\" data-break_parents=\"0\" data-bg-image=\"https:\/\/algaslapatrona.com\/wp-content\/uploads\/2018\/09\/fotobarcopatrona3b.jpg\" data-bg-repeat=\"false\" data-bg-color=\"#000000\" ><\/div><div class=\"fusion-fullwidth fullwidth-box fusion-builder-row-3 fusion-parallax-up nonhundred-percent-fullwidth non-hundred-percent-height-scrolling\" style=\"background-color: #000000;background-image: url(&quot;https:\/\/algaslapatrona.com\/wp-content\/uploads\/2018\/09\/fotobarcopatrona3b.jpg&quot;);background-position: center center;background-repeat: no-repeat;padding-top:40px;padding-right:0px;padding-bottom:40px;padding-left:0px;border-width: 0 0 0 0;border-color:#eae9e9;border-style:solid;-webkit-background-size:cover;-moz-background-size:cover;-o-background-size:cover;background-size:cover;\" ><div class=\"fusion-builder-row fusion-row\"><div class=\"fusion-layout-column fusion_builder_column fusion-builder-column-2 fusion_builder_column_1_1 1_1 fusion-one-full fusion-column-first fusion-column-last\" style=\"margin-top:15px;margin-bottom:15px;\"><div class=\"fusion-column-wrapper fusion-flex-column-wrapper-legacy\" style=\"background-position:left top;background-repeat:no-repeat;-webkit-background-size:cover;-moz-background-size:cover;-o-background-size:cover;background-size:cover;padding: 0px 0px 0px 0px;\"><style type=\"text\/css\"><\/style><div class=\"fusion-title title fusion-title-2 fusion-sep-none fusion-title-center fusion-title-text fusion-title-size-one\" style=\"margin-top:0px;margin-right:0px;margin-bottom:30px;margin-left:0px;\"><h1 class=\"title-heading-center fusion-responsive-typography-calculated\" style=\"margin:0;color:#ffffff;--fontSize:50;line-height:1.2;\"><h1 style=\"text-align: center; color: #fff;\">TRANSPORTE<\/h1><\/h1><\/div><div class=\"fusion-clearfix\"><\/div><\/div><\/div><\/div><\/div><div class=\"fusion-fullwidth fullwidth-box fusion-builder-row-4 txt-justify nonhundred-percent-fullwidth non-hundred-percent-height-scrolling\" style=\"background-color: #ffffff;background-position: center center;background-repeat: no-repeat;padding-top:0px;padding-right:0px;padding-bottom:0px;padding-left:0px;margin-bottom: 30px;margin-top: 30px;border-width: 0px 0px 0px 0px;border-color:#eae9e9;border-style:solid;\" ><div class=\"fusion-builder-row fusion-row\"><div class=\"fusion-layout-column fusion_builder_column fusion-builder-column-3 fusion_builder_column_1_1 1_1 fusion-one-full fusion-column-first fusion-column-last\" style=\"margin-top:0px;margin-bottom:0px;\"><div class=\"fusion-column-wrapper fusion-flex-column-wrapper-legacy\" style=\"background-position:left top;background-repeat:no-repeat;-webkit-background-size:cover;-moz-background-size:cover;-o-background-size:cover;background-size:cover;padding: 0px 0px 0px 0px;\"><div class=\"fusion-text fusion-text-2\"><h3>ENV\u00cdO<\/h3>\n<p>Algas La Patrona proceder\u00e1 al env\u00edo del pedido del cliente el d\u00eda siguiente a la realizaci\u00f3n de este.<br \/>\nEl env\u00edo est\u00e1 limitado a Pen\u00ednsula Ib\u00e9rica, Canarias y Baleares.<br \/>\nSi surgiera alguna duda respecto al pedido (confirmaci\u00f3n de la direcci\u00f3n de entrega, verificaci\u00f3n del pago, productos fuera de stock, etc.), nos pondremos en contacto con el cliente por mensaje a trav\u00e9s del correo electr\u00f3nico. Esperaremos una respuesta por parte del cliente durante tres d\u00edas h\u00e1biles. El pedido no ser\u00e1 enviado hasta que recibamos una respuesta a nuestro mensaje. Si no se recibe una respuesta en el plazo indicado, el pedido ser\u00e1 cancelado y su pago reembolsado al cliente.<\/p>\n<h3>ENTREGA<\/h3>\n<p>Una vez que el pedido es enviado, el cliente recibir\u00e1 un correo electr\u00f3nico de confirmaci\u00f3n con la factura correspondiente.<br \/>\nLa entrega de los pedidos se realiza de lunes a s\u00e1bado, seg\u00fan la empresa de transporte elegida, exceptuando los d\u00edas festivos nacionales o locales, en la direcci\u00f3n de entrega que el cliente haya indicado en el momento de realizar el pedido.<br \/>\nEl cliente puede recibir el pedido en cualquier direcci\u00f3n que desee. Para ello simplemente tiene que proporcionarnos la direcci\u00f3n en la que estar\u00e1 presente entre las 9:00 y las 19:00 horas. La empresa de transportes elegida intentar\u00e1 entregar el pedido en la direcci\u00f3n indicada por el cliente.<\/p>\n<p><em><strong>ADVERTENCIA:<\/strong> El cliente no puede elegir una hora concreta de entrega, ya que las entregas est\u00e1n condicionadas por las rutas definidas por la empresa de transportes en la fecha de entrega correspondiente.<\/em><\/p>\n<p>Indicar una direcci\u00f3n incorrecta o incompleta puede dar lugar a que el paquete sea devuelto a Algas La Patrona, ocasionando costes adicionales que ser\u00e1n a cargo del cliente. Por lo tanto, recomendamos que el cliente se asegure siempre de que la direcci\u00f3n de entrega que proporciona al realizar el pedido es completa y exacta. Una vez que el pedido se procesa, ya no es posible modificar ni la direcci\u00f3n de entrega ni los datos de facturaci\u00f3n.<br \/>\nEn el caso de que el cliente no se encuentre presente en el momento de la entrega en la direcci\u00f3n indicada, el procedimiento por norma general ser\u00e1 el siguiente:<br \/>\nLa empresa de transporte dejar\u00e1 un aviso al destinatario para que llame directamente a la agencia responsable de la entrega del pedido o al n\u00famero general de DPD para que se pueda fijar una nueva fecha de entrega de este. El destinatario dispone de un plazo de 3 d\u00edas laborables para contactar con la empresa de env\u00edos y acordar una nueva entrega. En caso de no contactar en el plazo estipulado, el pedido ser\u00e1 devuelto a Algas La Patrona.<\/p>\n<h3>PLAZOS DE ENTREGA<\/h3>\n<p>Los plazos de entrega variar\u00e1n dependiendo de la empresa encargada del transporte, estableciendo como m\u00e1ximo 5 d\u00edas laborables para Pen\u00ednsula ib\u00e9rica y 7 d\u00edas laborables para env\u00edos extra peninsulares.<\/p>\n<p><em><strong>ADVERTENCIA:<\/strong> Los plazos de entrega son orientativos y por lo tanto, solo se considerar\u00e1n v\u00e1lidos cuando no existan impedimentos f\u00edsicos o estructurales para la entrega (por ejemplo, direcciones incorrectas de entrega o causas de fuerza mayor ajenas a nuestro control tales como huelgas, p\u00e9rdida de conexiones o condiciones climatol\u00f3gicas adversas, entre otros).<\/em><\/p>\n<h3>GASTOS DE ENV\u00cdO<\/h3>\n<p>Los gastos de env\u00edo son autom\u00e1ticamente calculados por nuestro sistema y depender\u00e1 del valor del pedido. A partir de 40\u20ac ser\u00e1n gratuitos*.<br \/>\nLos gastos de env\u00edo se actualizan autom\u00e1ticamente a medida que el cliente a\u00f1ade art\u00edculos al carrito de la compra.<\/p>\n<p><em>*Oferta v\u00e1lida solo para Espa\u00f1a peninsular.<\/em><\/p>\n<h3>PEDIDOS DEVUELTOS<\/h3>\n<p>En caso de que un pedido prepagado sea devuelto a Algas La Patrona por razones no imputables a Algas La Patrona o a la empresa de transportes, Algas La Patrona reembolsar\u00e1 al cliente el importe pagado por su pedido, descontando los costes de env\u00edo y devoluci\u00f3n de este.<br \/>\nEl cliente obtendr\u00e1 el reembolso a trav\u00e9s del m\u00e9todo de pago original.<\/p>\n<p>Si la empresa de transportes es responsable de la entrega fallida y la devoluci\u00f3n del pedido, independientemente del m\u00e9todo de pago seleccionado, el cliente deber\u00e1 enviarnos una reclamaci\u00f3n por escrito que ser\u00e1 analizada por parte de la empresa de transportes. Si el problema en la entrega del pedido se debe a una direcci\u00f3n de entrega incompleta o incorrecta, el cliente deber\u00e1 adjuntar a su reclamaci\u00f3n un justificante de la direcci\u00f3n (Ej. factura de gas, agua o luz).<\/p>\n<p>La soluci\u00f3n que Algas La Patrona presentar\u00e1 al cliente depender\u00e1 de la respuesta proporcionada por la empresa de transportes. Por lo tanto, en los casos de reclamaciones relativas al servicio de transporte, s\u00f3lo podremos ofrecer una soluci\u00f3n al cliente cuando hayamos obtenido una respuesta por parte de la empresa de transportes. Si la empresa de transportes asume la responsabilidad total de la devoluci\u00f3n del pedido y si todos los art\u00edculos solicitados inicialmente a\u00fan est\u00e1n disponibles, propondremos al cliente el reenv\u00edo del pedido sin costes adicionales. El cliente tambi\u00e9n podr\u00e1 optar por el reembolso completo del importe abonado en vez de un pedido de sustituci\u00f3n. Si la empresa de transportes no asume la responsabilidad, no podremos aceptar la reclamaci\u00f3n y por lo tanto no podremos enviar un pedido de sustituci\u00f3n. El correspondiente reembolso estar\u00e1 sujeto a los t\u00e9rminos mencionados anteriormente con relaci\u00f3n a los pedidos devueltos por razones ajenas a Algas La Patrona o a la empresa de transportes.<\/p>\n<h3>INFORMACI\u00d3N SOBRE PRODUCTOS<\/h3>\n<p>Tomamos todas las precauciones necesarias para garantizar que todos los detalles, descripciones y precios de los productos que aparecen en nuestro sitio web son correctos. Sin embargo, pueden producirse anomal\u00edas relativas a productos cuya informaci\u00f3n sea err\u00f3nea, incluyendo precios y ofertas. En tales circunstancias, nos reservamos el derecho de no aceptar pedidos que contengan tales productos. Si un cliente realiza un pedido que incluya estos productos, ser\u00e1 informado a trav\u00e9s del servicio de atenci\u00f3n al cliente sobre la imposibilidad de efectuar el env\u00edo del pedido.<br \/>\nEl rechazo de un pedido puede tambi\u00e9n deberse, entre otras, a las siguientes razones:<\/p>\n<p>\u2022 Falta de existencias de un producto.<br \/>\n\u2022 Imposibilidad de obtener la autorizaci\u00f3n del pago.<br \/>\n\u2022 Sospecha de fraude.<\/p>\n<p><strong><em>Todos los productos, campa\u00f1as, promociones y ofertas est\u00e1n limitadas a la disponibilidad de existencias.<\/em><\/strong><\/p>\n<p>Si el cliente realiza el pedido seleccionando como m\u00e9todo de pago tarjeta de cr\u00e9dito, y dicho pedido incluyese un producto del que no tenemos existencias, \u00e9ste ser\u00e1 retirado del pedido y procederemos a enviar los productos restantes a fin de evitar el retraso del proceso en su conjunto. En caso de tratarse de uno o varios productos que forman parte de un pack, procederemos a retirar todo el pack del pedido. El cliente, por supuesto, ser\u00e1 debidamente informado sobre esta situaci\u00f3n. Asimismo, se programar\u00e1 inmediatamente el reembolso del (de los) producto(s) retirado(s) a trav\u00e9s de la forma de pago original. El cliente ser\u00e1 informado a trav\u00e9s del servicio de atenci\u00f3n al cliente de la alteraci\u00f3n en su pedido y del per\u00edodo en que se efectuar\u00e1 el reembolso.<\/p>\n<p>Algas La Patrona\u00a0se reserva el derecho de cambiar los precios en cualquier momento sin notificaci\u00f3n previa.<\/p>\n<p>Los pagos siempre se realizan en euros, aunque los precios pueden aparecer en otras monedas. Algunos bancos pueden cobrar tasas de conversi\u00f3n de divisas. Algas La Patrona no tiene ning\u00fan tipo de control sobre esta pr\u00e1ctica y por tanto declina cualquier responsabilidad sobre la misma.<\/p>\n<p>Los productos, informaci\u00f3n, servicios y otros contenidos disponibles en o mediante este sitio web, incluyendo, entre otros, cualquier producto, informaci\u00f3n, correo electr\u00f3nico, servicio o contenido facilitado en cualquier sitio enlazado, se proporcionan a t\u00edtulo meramente informativo para facilitar posibles consultas con profesionales de la salud con relaci\u00f3n a tratamientos. La informaci\u00f3n disponible en este sitio web, as\u00ed como en los sitios enlazados, incluyendo, entre otros, la informaci\u00f3n relativa a problemas m\u00e9dicos o de salud, productos y tratamientos, se facilita \u00fanicamente de forma resumida o sintetizada. Esta informaci\u00f3n no pretende sustituir los consejos del m\u00e9dico del cliente u otro profesional de la salud, ni las indicaciones que constan en las etiquetas, envases y prospectos de los productos. Antes de comprar o utilizar cualquier producto, informaci\u00f3n o servicio disponible en o mediante este sitio web, incluyendo, entre otros, cualquier producto, informaci\u00f3n o servicio disponible en cualquier sitio enlazado, el cliente debe consultar a un profesional de la salud.<\/p>\n<p>El acceso y uso de este sitio web, incluyendo los productos y servicios que en el mismo se ofrecen, est\u00e1n sujetos a las siguientes condiciones:<br \/>\nAl utilizar este sitio web el cliente muestra estar de acuerdo con las condiciones de uso, que pueden ser modificadas ocasionalmente. Le aconsejamos que visite esta p\u00e1gina de forma regular para estar al d\u00eda sobre cualquier cambio que haya podido realizarse.<br \/>\nSe permite el acceso al sitio web de forma temporal y nos reservamos el derecho de retirar o cambiar los servicios sin previo aviso. No aceptamos ninguna responsabilidad si, por cualquier raz\u00f3n, el sitio no estuviese disponible durante un determinado per\u00edodo de tiempo. En algunos casos, podremos limitar el acceso a determinadas secciones del sitio web.<\/p>\n<p><em>Algas La Patrona no acepta ninguna responsabilidad por posibles da\u00f1os o p\u00e9rdidas como consecuencia del uso de cualquier informaci\u00f3n contenida en este sitio web.<\/em><\/p>\n<p>Algunos enlaces de este sitio web conducen a sitios web externos asociados con Algas La Patrona. Al seleccionar alguno de estos enlaces, el cliente abandona el sitio web de Algas La Patrona. Dado que nosotros no tenemos ning\u00fan tipo de control sobre estos sitios web de terceros, no podemos aceptar ninguna responsabilidad por el material que figura en los mismos.<\/p>\n<p><em><strong>Para poder realizar un pedido el cliente debe ser mayor de 18 a\u00f1os y est\u00e1 obligado a proporcionar datos fidedignos que permitan el procesamiento correcto de su compra.<\/strong><\/em><\/p>\n<\/div><div class=\"fusion-clearfix\"><\/div><\/div><\/div><\/div><\/div><\/p>\n","protected":false},"excerpt":{"rendered":"","protected":false},"author":2,"featured_media":0,"parent":0,"menu_order":0,"comment_status":"closed","ping_status":"closed","template":"100-width.php","meta":[],"yoast_head":"<!-- This site is optimized with the Yoast SEO plugin v21.1 - https:\/\/yoast.com\/wordpress\/plugins\/seo\/ -->\n<title>Terms - Algas La Patrona<\/title>\n<meta name=\"robots\" content=\"index, follow, max-snippet:-1, max-image-preview:large, max-video-preview:-1\" \/>\n<link rel=\"canonical\" href=\"https:\/\/algaslapatrona.com\/en\/terms\/\" \/>\n<meta property=\"og:locale\" content=\"en_US\" \/>\n<meta property=\"og:type\" content=\"article\" \/>\n<meta property=\"og:title\" content=\"Terms - Algas La Patrona\" \/>\n<meta property=\"og:url\" content=\"https:\/\/algaslapatrona.com\/en\/terms\/\" \/>\n<meta property=\"og:site_name\" content=\"Algas La Patrona\" \/>\n<meta property=\"article:modified_time\" content=\"2021-01-20T17:18:23+00:00\" \/>\n<meta name=\"twitter:card\" content=\"summary_large_image\" \/>\n<meta name=\"twitter:label1\" content=\"Est. reading time\" \/>\n\t<meta name=\"twitter:data1\" content=\"25 minutes\" \/>\n<script type=\"application\/ld+json\" class=\"yoast-schema-graph\">{\"@context\":\"https:\/\/schema.org\",\"@graph\":[{\"@type\":\"WebPage\",\"@id\":\"https:\/\/algaslapatrona.com\/en\/terms\/\",\"url\":\"https:\/\/algaslapatrona.com\/en\/terms\/\",\"name\":\"Terms - Algas La Patrona\",\"isPartOf\":{\"@id\":\"https:\/\/algaslapatrona.com\/#website\"},\"datePublished\":\"2020-11-03T17:31:35+00:00\",\"dateModified\":\"2021-01-20T17:18:23+00:00\",\"breadcrumb\":{\"@id\":\"https:\/\/algaslapatrona.com\/en\/terms\/#breadcrumb\"},\"inLanguage\":\"en-US\",\"potentialAction\":[{\"@type\":\"ReadAction\",\"target\":[\"https:\/\/algaslapatrona.com\/en\/terms\/\"]}]},{\"@type\":\"BreadcrumbList\",\"@id\":\"https:\/\/algaslapatrona.com\/en\/terms\/#breadcrumb\",\"itemListElement\":[{\"@type\":\"ListItem\",\"position\":1,\"name\":\"Portada\",\"item\":\"https:\/\/algaslapatrona.com\/en\/\"},{\"@type\":\"ListItem\",\"position\":2,\"name\":\"Terms\"}]},{\"@type\":\"WebSite\",\"@id\":\"https:\/\/algaslapatrona.com\/#website\",\"url\":\"https:\/\/algaslapatrona.com\/\",\"name\":\"Algas La Patrona\",\"description\":\"Algas La Patrona\",\"potentialAction\":[{\"@type\":\"SearchAction\",\"target\":{\"@type\":\"EntryPoint\",\"urlTemplate\":\"https:\/\/algaslapatrona.com\/?s={search_term_string}\"},\"query-input\":\"required name=search_term_string\"}],\"inLanguage\":\"en-US\"}]}<\/script>\n<!-- \/ Yoast SEO plugin. -->","yoast_head_json":{"title":"Terms - Algas La Patrona","robots":{"index":"index","follow":"follow","max-snippet":"max-snippet:-1","max-image-preview":"max-image-preview:large","max-video-preview":"max-video-preview:-1"},"canonical":"https:\/\/algaslapatrona.com\/en\/terms\/","og_locale":"en_US","og_type":"article","og_title":"Terms - Algas La Patrona","og_url":"https:\/\/algaslapatrona.com\/en\/terms\/","og_site_name":"Algas La Patrona","article_modified_time":"2021-01-20T17:18:23+00:00","twitter_card":"summary_large_image","twitter_misc":{"Est. reading time":"25 minutes"},"schema":{"@context":"https:\/\/schema.org","@graph":[{"@type":"WebPage","@id":"https:\/\/algaslapatrona.com\/en\/terms\/","url":"https:\/\/algaslapatrona.com\/en\/terms\/","name":"Terms - Algas La Patrona","isPartOf":{"@id":"https:\/\/algaslapatrona.com\/#website"},"datePublished":"2020-11-03T17:31:35+00:00","dateModified":"2021-01-20T17:18:23+00:00","breadcrumb":{"@id":"https:\/\/algaslapatrona.com\/en\/terms\/#breadcrumb"},"inLanguage":"en-US","potentialAction":[{"@type":"ReadAction","target":["https:\/\/algaslapatrona.com\/en\/terms\/"]}]},{"@type":"BreadcrumbList","@id":"https:\/\/algaslapatrona.com\/en\/terms\/#breadcrumb","itemListElement":[{"@type":"ListItem","position":1,"name":"Portada","item":"https:\/\/algaslapatrona.com\/en\/"},{"@type":"ListItem","position":2,"name":"Terms"}]},{"@type":"WebSite","@id":"https:\/\/algaslapatrona.com\/#website","url":"https:\/\/algaslapatrona.com\/","name":"Algas La Patrona","description":"Algas La Patrona","potentialAction":[{"@type":"SearchAction","target":{"@type":"EntryPoint","urlTemplate":"https:\/\/algaslapatrona.com\/?s={search_term_string}"},"query-input":"required name=search_term_string"}],"inLanguage":"en-US"}]}},"_links":{"self":[{"href":"https:\/\/algaslapatrona.com\/en\/wp-json\/wp\/v2\/pages\/21009"}],"collection":[{"href":"https:\/\/algaslapatrona.com\/en\/wp-json\/wp\/v2\/pages"}],"about":[{"href":"https:\/\/algaslapatrona.com\/en\/wp-json\/wp\/v2\/types\/page"}],"author":[{"embeddable":true,"href":"https:\/\/algaslapatrona.com\/en\/wp-json\/wp\/v2\/users\/2"}],"replies":[{"embeddable":true,"href":"https:\/\/algaslapatrona.com\/en\/wp-json\/wp\/v2\/comments?post=21009"}],"version-history":[{"count":4,"href":"https:\/\/algaslapatrona.com\/en\/wp-json\/wp\/v2\/pages\/21009\/revisions"}],"predecessor-version":[{"id":21082,"href":"https:\/\/algaslapatrona.com\/en\/wp-json\/wp\/v2\/pages\/21009\/revisions\/21082"}],"wp:attachment":[{"href":"https:\/\/algaslapatrona.com\/en\/wp-json\/wp\/v2\/media?parent=21009"}],"curies":[{"name":"wp","href":"https:\/\/api.w.org\/{rel}","templated":true}]}}