{"id":21029,"date":"2021-01-18T17:12:16","date_gmt":"2021-01-18T17:12:16","guid":{"rendered":"https:\/\/algaslapatrona.com\/payment-methods\/"},"modified":"2021-01-20T17:20:24","modified_gmt":"2021-01-20T17:20:24","slug":"payment-methods","status":"publish","type":"page","link":"https:\/\/algaslapatrona.com\/en\/payment-methods\/","title":{"rendered":"Payment Methods"},"content":{"rendered":"<p><div class=\"fusion-fullwidth fullwidth-box fusion-builder-row-1 fusion-parallax-none nonhundred-percent-fullwidth non-hundred-percent-height-scrolling\" style=\"background-color: #ffffff;background-image: url(&quot;https:\/\/algaslapatrona.com\/wp-content\/uploads\/2018\/07\/parallax.dark4_.jpg&quot;);background-position: center bottom;background-repeat: no-repeat;padding-top:30px;padding-right:0px;padding-bottom:30px;padding-left:0px;border-width: 0 0 0 0;border-color:#eae9e9;border-style:solid;-webkit-background-size:cover;-moz-background-size:cover;-o-background-size:cover;background-size:cover;\" ><div class=\"fusion-builder-row fusion-row\"><div class=\"fusion-layout-column fusion_builder_column fusion-builder-column-0 fusion_builder_column_1_1 1_1 fusion-one-full fusion-column-first fusion-column-last\" style=\"margin-top:0px;margin-bottom:15px;\"><div class=\"fusion-column-wrapper fusion-flex-column-wrapper-legacy\" style=\"background-position:left top;background-repeat:no-repeat;-webkit-background-size:cover;-moz-background-size:cover;-o-background-size:cover;background-size:cover;padding: 0px 0px 0px 0px;\"><style type=\"text\/css\"><\/style><div class=\"fusion-title title fusion-title-1 fusion-sep-none fusion-title-center fusion-title-text fusion-title-size-one\" style=\"margin-top:0px;margin-right:0px;margin-bottom:0px;margin-left:0px;\"><h1 class=\"title-heading-center fusion-responsive-typography-calculated\" style=\"margin:0;--fontSize:50;line-height:1.2;\"><h1 style=\"color: #fff;\">PAYMENT METHODS<\/h1><\/h1><\/div><div class=\"fusion-clearfix\"><\/div><\/div><\/div><\/div><\/div><div class=\"fusion-fullwidth fullwidth-box fusion-builder-row-2 txt-justify nonhundred-percent-fullwidth non-hundred-percent-height-scrolling\" style=\"background-color: #ffffff;background-position: center center;background-repeat: no-repeat;padding-top:0px;padding-right:0px;padding-bottom:0px;padding-left:0px;margin-bottom: 30px;margin-top: 30px;border-width: 0px 0px 0px 0px;border-color:#eae9e9;border-style:solid;\" ><div class=\"fusion-builder-row fusion-row\"><div class=\"fusion-layout-column fusion_builder_column fusion-builder-column-1 fusion_builder_column_1_1 1_1 fusion-one-full fusion-column-first fusion-column-last\" style=\"margin-top:0px;margin-bottom:0px;\"><div class=\"fusion-column-wrapper fusion-flex-column-wrapper-legacy\" style=\"background-position:left top;background-repeat:no-repeat;-webkit-background-size:cover;-moz-background-size:cover;-o-background-size:cover;background-size:cover;padding: 0px 0px 0px 0px;\"><div class=\"fusion-text fusion-text-1\"><h3>GENERAL CONDITIONS OF SALE<\/h3>\n<h3>PURCHASING PROCESS<\/h3>\n<p>Kombu del Cantabrico S.L. en lo sucesivo denominada \u201cAlgas La Patrona\u201d, referente a la marca registrada que posee, dispone de diversos m\u00e9todos de pago para realizar tus pedidos:<\/p>\n<h3>M\u00c9TODOS DE PAGO<\/h3>\n<h3>Transferencia Bancaria<\/h3>\n<p>Se indicar\u00e1 el n\u00famero de cuenta al finalizar el proceso de pago.<\/p>\n<h3>Tarjeta de cr\u00e9dito<\/h3>\n<p>El cliente podr\u00e1 pagar con tarjeta de cr\u00e9dito y disfrutar de las ventajas de rapidez y flexibilidad que proporciona este m\u00e9todo de pago. Todas las transacciones realizadas en nuestra p\u00e1gina web son seguras.<\/p>\n<h3>\u00bfEs seguro pagar en la p\u00e1gina web con mi tarjeta?<\/h3>\n<p>Algas La Patrona utiliza un innovador mecanismo de detecci\u00f3n y prevenci\u00f3n de acciones fraudulentas. Esta soluci\u00f3n permite verificar la autenticidad de los pagos efectuados en Internet, salvaguardando, al mismo tiempo, la integridad y seguridad de los datos de los clientes, as\u00ed como la identificaci\u00f3n de estos.<\/p>\n<p>Este grado de seguridad es posible con la tecnolog\u00eda SSL (Secure Socket Layer), que encripta las comunicaciones realizadas entre el ordenador del cliente y nuestro servidor, para que las mismas no puedan ser interceptadas. Como tal, Algas La Patrona se reserva el derecho de rechazar el pago de una transacci\u00f3n que sea considerada il\u00edcita. Todas y cada una de las actividades consideradas ilegales ser\u00e1n de inmediato comunicadas a las autoridades competentes.<\/p>\n<h3>\u00bfC\u00f3mo se procesan los pagos con tarjeta de cr\u00e9dito?<\/h3>\n<p>Despu\u00e9s de seleccionar la opci\u00f3n de pago con tarjeta de cr\u00e9dito y hacer clic en \u2018Hacer pedido\u2019, el cliente ser\u00e1 dirigido a la plataforma de pago CECAbank donde deber\u00e1 indicar los datos requeridos de su tarjeta de cr\u00e9dito, tales como el n\u00famero, la fecha de caducidad y el c\u00f3digo de seguridad. Por \u00faltimo, al hacer clic en el bot\u00f3n de confirmaci\u00f3n dar\u00e1 inicio a la transacci\u00f3n.<\/p>\n<p>Si el pago no es aceptado, aparecer\u00e1 un mensaje de error en la ventana del carrito de la compra. En ese caso, se recomienda intentar realizar de nuevo la operaci\u00f3n. Si el problema persiste, recomendamos al cliente que se ponga en contacto con su banco o con el emisor de la tarjeta de cr\u00e9dito para obtener m\u00e1s informaci\u00f3n al respecto.<\/p>\n<p>Una vez finalizado el pago, el importe se cargar\u00e1 en la tarjeta de cr\u00e9dito del cliente. Si, por cualquier raz\u00f3n, resultase necesario cancelar el pedido, ya sea total o parcialmente, le reembolsaremos el importe correspondiente en un plazo m\u00e1ximo de 5 d\u00edas h\u00e1biles. La transacci\u00f3n se reflejar\u00e1 en el extracto de la tarjeta de cr\u00e9dito del cliente despu\u00e9s de 2 d\u00edas h\u00e1biles, contados a partir de la fecha de reembolso.<br \/>\nPara proteger a nuestros clientes de posibles fraudes, podemos solicitarle informaci\u00f3n adicional para facilitar la validaci\u00f3n del pago. Si se realiza una solicitud de este tipo, pero no obtenemos una respuesta en el plazo de 3 d\u00edas h\u00e1biles, cancelaremos el pedido y procederemos al reembolso del pago.<\/p>\n<\/div><div class=\"fusion-clearfix\"><\/div><\/div><\/div><\/div><\/div><\/p>\n","protected":false},"excerpt":{"rendered":"","protected":false},"author":2,"featured_media":0,"parent":0,"menu_order":0,"comment_status":"closed","ping_status":"closed","template":"100-width.php","meta":[],"yoast_head":"<!-- This site is optimized with the Yoast SEO plugin v21.1 - https:\/\/yoast.com\/wordpress\/plugins\/seo\/ -->\n<title>Payment Methods - Algas La Patrona<\/title>\n<meta name=\"robots\" content=\"index, follow, max-snippet:-1, max-image-preview:large, max-video-preview:-1\" \/>\n<link rel=\"canonical\" href=\"https:\/\/algaslapatrona.com\/en\/payment-methods\/\" \/>\n<meta property=\"og:locale\" content=\"en_US\" \/>\n<meta property=\"og:type\" content=\"article\" \/>\n<meta property=\"og:title\" content=\"Payment Methods - Algas La Patrona\" \/>\n<meta property=\"og:url\" content=\"https:\/\/algaslapatrona.com\/en\/payment-methods\/\" \/>\n<meta property=\"og:site_name\" content=\"Algas La Patrona\" \/>\n<meta property=\"article:modified_time\" content=\"2021-01-20T17:20:24+00:00\" \/>\n<meta name=\"twitter:card\" content=\"summary_large_image\" \/>\n<meta name=\"twitter:label1\" content=\"Est. reading time\" \/>\n\t<meta name=\"twitter:data1\" content=\"8 minutes\" \/>\n<script type=\"application\/ld+json\" class=\"yoast-schema-graph\">{\"@context\":\"https:\/\/schema.org\",\"@graph\":[{\"@type\":\"WebPage\",\"@id\":\"https:\/\/algaslapatrona.com\/en\/payment-methods\/\",\"url\":\"https:\/\/algaslapatrona.com\/en\/payment-methods\/\",\"name\":\"Payment Methods - Algas La Patrona\",\"isPartOf\":{\"@id\":\"https:\/\/algaslapatrona.com\/#website\"},\"datePublished\":\"2021-01-18T17:12:16+00:00\",\"dateModified\":\"2021-01-20T17:20:24+00:00\",\"breadcrumb\":{\"@id\":\"https:\/\/algaslapatrona.com\/en\/payment-methods\/#breadcrumb\"},\"inLanguage\":\"en-US\",\"potentialAction\":[{\"@type\":\"ReadAction\",\"target\":[\"https:\/\/algaslapatrona.com\/en\/payment-methods\/\"]}]},{\"@type\":\"BreadcrumbList\",\"@id\":\"https:\/\/algaslapatrona.com\/en\/payment-methods\/#breadcrumb\",\"itemListElement\":[{\"@type\":\"ListItem\",\"position\":1,\"name\":\"Portada\",\"item\":\"https:\/\/algaslapatrona.com\/en\/\"},{\"@type\":\"ListItem\",\"position\":2,\"name\":\"Payment Methods\"}]},{\"@type\":\"WebSite\",\"@id\":\"https:\/\/algaslapatrona.com\/#website\",\"url\":\"https:\/\/algaslapatrona.com\/\",\"name\":\"Algas La Patrona\",\"description\":\"Algas La Patrona\",\"potentialAction\":[{\"@type\":\"SearchAction\",\"target\":{\"@type\":\"EntryPoint\",\"urlTemplate\":\"https:\/\/algaslapatrona.com\/?s={search_term_string}\"},\"query-input\":\"required name=search_term_string\"}],\"inLanguage\":\"en-US\"}]}<\/script>\n<!-- \/ Yoast SEO plugin. -->","yoast_head_json":{"title":"Payment Methods - Algas La Patrona","robots":{"index":"index","follow":"follow","max-snippet":"max-snippet:-1","max-image-preview":"max-image-preview:large","max-video-preview":"max-video-preview:-1"},"canonical":"https:\/\/algaslapatrona.com\/en\/payment-methods\/","og_locale":"en_US","og_type":"article","og_title":"Payment Methods - Algas La Patrona","og_url":"https:\/\/algaslapatrona.com\/en\/payment-methods\/","og_site_name":"Algas La Patrona","article_modified_time":"2021-01-20T17:20:24+00:00","twitter_card":"summary_large_image","twitter_misc":{"Est. reading time":"8 minutes"},"schema":{"@context":"https:\/\/schema.org","@graph":[{"@type":"WebPage","@id":"https:\/\/algaslapatrona.com\/en\/payment-methods\/","url":"https:\/\/algaslapatrona.com\/en\/payment-methods\/","name":"Payment Methods - Algas La Patrona","isPartOf":{"@id":"https:\/\/algaslapatrona.com\/#website"},"datePublished":"2021-01-18T17:12:16+00:00","dateModified":"2021-01-20T17:20:24+00:00","breadcrumb":{"@id":"https:\/\/algaslapatrona.com\/en\/payment-methods\/#breadcrumb"},"inLanguage":"en-US","potentialAction":[{"@type":"ReadAction","target":["https:\/\/algaslapatrona.com\/en\/payment-methods\/"]}]},{"@type":"BreadcrumbList","@id":"https:\/\/algaslapatrona.com\/en\/payment-methods\/#breadcrumb","itemListElement":[{"@type":"ListItem","position":1,"name":"Portada","item":"https:\/\/algaslapatrona.com\/en\/"},{"@type":"ListItem","position":2,"name":"Payment Methods"}]},{"@type":"WebSite","@id":"https:\/\/algaslapatrona.com\/#website","url":"https:\/\/algaslapatrona.com\/","name":"Algas La Patrona","description":"Algas La Patrona","potentialAction":[{"@type":"SearchAction","target":{"@type":"EntryPoint","urlTemplate":"https:\/\/algaslapatrona.com\/?s={search_term_string}"},"query-input":"required name=search_term_string"}],"inLanguage":"en-US"}]}},"_links":{"self":[{"href":"https:\/\/algaslapatrona.com\/en\/wp-json\/wp\/v2\/pages\/21029"}],"collection":[{"href":"https:\/\/algaslapatrona.com\/en\/wp-json\/wp\/v2\/pages"}],"about":[{"href":"https:\/\/algaslapatrona.com\/en\/wp-json\/wp\/v2\/types\/page"}],"author":[{"embeddable":true,"href":"https:\/\/algaslapatrona.com\/en\/wp-json\/wp\/v2\/users\/2"}],"replies":[{"embeddable":true,"href":"https:\/\/algaslapatrona.com\/en\/wp-json\/wp\/v2\/comments?post=21029"}],"version-history":[{"count":21,"href":"https:\/\/algaslapatrona.com\/en\/wp-json\/wp\/v2\/pages\/21029\/revisions"}],"predecessor-version":[{"id":21085,"href":"https:\/\/algaslapatrona.com\/en\/wp-json\/wp\/v2\/pages\/21029\/revisions\/21085"}],"wp:attachment":[{"href":"https:\/\/algaslapatrona.com\/en\/wp-json\/wp\/v2\/media?parent=21029"}],"curies":[{"name":"wp","href":"https:\/\/api.w.org\/{rel}","templated":true}]}}